{"id":83,"date":"2024-07-22T10:04:49","date_gmt":"2024-07-22T10:04:49","guid":{"rendered":"https:\/\/kutschfahrten.kugler-staad.ch\/?page_id=83"},"modified":"2024-07-30T20:09:41","modified_gmt":"2024-07-30T20:09:41","slug":"das-sind-wir","status":"publish","type":"page","link":"https:\/\/kutschfahrten.kugler-staad.ch\/?page_id=83","title":{"rendered":"Das sind wir"},"content":{"rendered":"\n<div class=\"wp-block-media-text is-stacked-on-mobile is-image-fill\" style=\"grid-template-columns:35% auto\"><figure class=\"wp-block-media-text__media\" style=\"background-image:url(https:\/\/kutschfahrten.kugler-staad.ch\/wp-content\/uploads\/2024\/07\/3N9A0247-1024x828.jpg);background-position:61% 48%\"><img loading=\"lazy\" decoding=\"async\" width=\"1024\" height=\"828\" src=\"https:\/\/kutschfahrten.kugler-staad.ch\/wp-content\/uploads\/2024\/07\/3N9A0247-1024x828.jpg\" alt=\"\" class=\"wp-image-130 size-full\" srcset=\"https:\/\/kutschfahrten.kugler-staad.ch\/wp-content\/uploads\/2024\/07\/3N9A0247-1024x828.jpg 1024w, https:\/\/kutschfahrten.kugler-staad.ch\/wp-content\/uploads\/2024\/07\/3N9A0247-300x243.jpg 300w, https:\/\/kutschfahrten.kugler-staad.ch\/wp-content\/uploads\/2024\/07\/3N9A0247-768x621.jpg 768w, https:\/\/kutschfahrten.kugler-staad.ch\/wp-content\/uploads\/2024\/07\/3N9A0247-1536x1242.jpg 1536w, https:\/\/kutschfahrten.kugler-staad.ch\/wp-content\/uploads\/2024\/07\/3N9A0247-2048x1656.jpg 2048w\" sizes=\"(max-width: 1024px) 100vw, 1024px\" \/><\/figure><div class=\"wp-block-media-text__content\">\n<p><strong>Urs Kugler<br><\/strong>Als gelernter Schreiner habe ich mit 23 Jahren die Liebe zu den Pferden entdeckt und mir mit 25 Jahren das erste eigene Pferd gekauft. \u00a0So bin ich zum Kutschfahren gekommen. Mittlerweile habe ich 4 Pferde in meinem wundersch\u00f6nen Zuhause in Staad. Meine Vorliebe zu Schimmeln ist in all den Jahren geblieben, auch wenn sie nicht immer einfach sauber zu bekommen sind \ud83d\ude42<br>Ich bin froh, dass ich eine grossartige Familie habe, die mich in meinem Hobby unterst\u00fctzt.<\/p>\n<\/div><\/div>\n\n\n\n<div style=\"height:40px\" aria-hidden=\"true\" class=\"wp-block-spacer\"><\/div>\n\n\n\n<div class=\"wp-block-media-text is-stacked-on-mobile is-image-fill\" style=\"grid-template-columns:35% auto\"><figure class=\"wp-block-media-text__media\" style=\"background-image:url(https:\/\/kutschfahrten.kugler-staad.ch\/wp-content\/uploads\/2024\/07\/IMG_8712-683x1024.jpg);background-position:50% 50%\"><img loading=\"lazy\" decoding=\"async\" width=\"683\" height=\"1024\" src=\"https:\/\/kutschfahrten.kugler-staad.ch\/wp-content\/uploads\/2024\/07\/IMG_8712-683x1024.jpg\" alt=\"\" class=\"wp-image-57 size-full\" srcset=\"https:\/\/kutschfahrten.kugler-staad.ch\/wp-content\/uploads\/2024\/07\/IMG_8712-683x1024.jpg 683w, https:\/\/kutschfahrten.kugler-staad.ch\/wp-content\/uploads\/2024\/07\/IMG_8712-200x300.jpg 200w, https:\/\/kutschfahrten.kugler-staad.ch\/wp-content\/uploads\/2024\/07\/IMG_8712-768x1152.jpg 768w, https:\/\/kutschfahrten.kugler-staad.ch\/wp-content\/uploads\/2024\/07\/IMG_8712-1024x1536.jpg 1024w, https:\/\/kutschfahrten.kugler-staad.ch\/wp-content\/uploads\/2024\/07\/IMG_8712-scaled.jpg 1707w\" sizes=\"(max-width: 683px) 100vw, 683px\" \/><\/figure><div class=\"wp-block-media-text__content\">\n<p><strong>Lavinia Kugler<\/strong><strong><br><\/strong>Als zweit\u00e4lteste Tochter bin ich seit meinem 8.Lebensjahr mit dem Pferdefieber infiziert und so fast t\u00e4glich im Stall anzutreffen. Ich liebe es, mit den Pferden in unserem sch\u00f6nen Ausreitgebiet unterwegs zu sein oder sie auch mal auf dem Platz zu reiten. Wenn Papi eine Fahrt hat, unterst\u00fctze ich Ihn beim Pferde waschen, einspannen oder was er sonst noch braucht.<\/p>\n<\/div><\/div>\n\n\n\n<div style=\"height:40px\" aria-hidden=\"true\" class=\"wp-block-spacer\"><\/div>\n\n\n\n<div class=\"wp-block-media-text is-stacked-on-mobile is-image-fill\" style=\"grid-template-columns:35% auto\"><figure class=\"wp-block-media-text__media\" style=\"background-image:url(https:\/\/kutschfahrten.kugler-staad.ch\/wp-content\/uploads\/2024\/07\/3N9A8358-1024x683.jpg);background-position:14% 47%\"><img loading=\"lazy\" decoding=\"async\" width=\"1024\" height=\"683\" src=\"https:\/\/kutschfahrten.kugler-staad.ch\/wp-content\/uploads\/2024\/07\/3N9A8358-1024x683.jpg\" alt=\"\" class=\"wp-image-13 size-full\" srcset=\"https:\/\/kutschfahrten.kugler-staad.ch\/wp-content\/uploads\/2024\/07\/3N9A8358-1024x683.jpg 1024w, https:\/\/kutschfahrten.kugler-staad.ch\/wp-content\/uploads\/2024\/07\/3N9A8358-300x200.jpg 300w, https:\/\/kutschfahrten.kugler-staad.ch\/wp-content\/uploads\/2024\/07\/3N9A8358-768x512.jpg 768w, https:\/\/kutschfahrten.kugler-staad.ch\/wp-content\/uploads\/2024\/07\/3N9A8358.jpg 1200w\" sizes=\"(max-width: 1024px) 100vw, 1024px\" \/><\/figure><div class=\"wp-block-media-text__content\">\n<p><strong>Benjamin Kugler<br><\/strong>Ab und zu trifft man auch mich beim Ausreiten an, vor allem aber beim Fahren mit, ohne und f\u00fcr Papi. Ich habe Freude daran gefunden, unser j\u00fcngstes Pferd \u00abBernstein\u00bb mit Papa zusammen vor der Kutsche auszubilden und ihm die Welt als Fahr- und Arbeitspferd zu zeigen. Da ich gelernter G\u00e4rtner bin und eine grosse Liebe f\u00fcr den Wald und das Holzen habe, d\u00fcrfen unsere Pferde auch ab und zu mit ins Holz kommen. Ich bin beim Holzr\u00fccken mit Papi aber noch am Anfang und mache das nur f\u00fcr mich und als Spass und Abwechslungsprogramm.<\/p>\n<\/div><\/div>\n\n\n\n<div style=\"height:40px\" aria-hidden=\"true\" class=\"wp-block-spacer\"><\/div>\n\n\n\n<div class=\"wp-block-media-text is-stacked-on-mobile is-image-fill\" style=\"grid-template-columns:35% auto\"><figure class=\"wp-block-media-text__media\" style=\"background-image:url(https:\/\/kutschfahrten.kugler-staad.ch\/wp-content\/uploads\/2024\/07\/IMG_6011-1024x768.jpg);background-position:50% 50%\"><img loading=\"lazy\" decoding=\"async\" width=\"1024\" height=\"768\" src=\"https:\/\/kutschfahrten.kugler-staad.ch\/wp-content\/uploads\/2024\/07\/IMG_6011-1024x768.jpg\" alt=\"\" class=\"wp-image-27 size-full\" srcset=\"https:\/\/kutschfahrten.kugler-staad.ch\/wp-content\/uploads\/2024\/07\/IMG_6011-1024x768.jpg 1024w, https:\/\/kutschfahrten.kugler-staad.ch\/wp-content\/uploads\/2024\/07\/IMG_6011-300x225.jpg 300w, https:\/\/kutschfahrten.kugler-staad.ch\/wp-content\/uploads\/2024\/07\/IMG_6011-768x576.jpg 768w, https:\/\/kutschfahrten.kugler-staad.ch\/wp-content\/uploads\/2024\/07\/IMG_6011-1536x1152.jpg 1536w, https:\/\/kutschfahrten.kugler-staad.ch\/wp-content\/uploads\/2024\/07\/IMG_6011-2048x1536.jpg 2048w\" sizes=\"(max-width: 1024px) 100vw, 1024px\" \/><\/figure><div class=\"wp-block-media-text__content\">\n<p><strong>Claudia Kugler<br><\/strong>Auch ich mag die Pferde sehr, reite oder fahre aber selber nicht.  Trotzdem unterst\u00fctze ich meinen Mann, wenn er Hilfe braucht, und stehe immer hinter Ihm.<\/p>\n<\/div><\/div>\n\n\n\n<div style=\"height:40px\" aria-hidden=\"true\" class=\"wp-block-spacer\"><\/div>\n\n\n\n<div class=\"wp-block-media-text is-stacked-on-mobile is-image-fill\" style=\"grid-template-columns:35% auto\"><figure class=\"wp-block-media-text__media\" style=\"background-image:url(https:\/\/kutschfahrten.kugler-staad.ch\/wp-content\/uploads\/2024\/07\/IMG_6011-1024x768.jpg);background-position:50% 50%\"><img loading=\"lazy\" decoding=\"async\" width=\"1024\" height=\"768\" src=\"https:\/\/kutschfahrten.kugler-staad.ch\/wp-content\/uploads\/2024\/07\/IMG_6011-1024x768.jpg\" alt=\"\" class=\"wp-image-27 size-full\" srcset=\"https:\/\/kutschfahrten.kugler-staad.ch\/wp-content\/uploads\/2024\/07\/IMG_6011-1024x768.jpg 1024w, https:\/\/kutschfahrten.kugler-staad.ch\/wp-content\/uploads\/2024\/07\/IMG_6011-300x225.jpg 300w, https:\/\/kutschfahrten.kugler-staad.ch\/wp-content\/uploads\/2024\/07\/IMG_6011-768x576.jpg 768w, https:\/\/kutschfahrten.kugler-staad.ch\/wp-content\/uploads\/2024\/07\/IMG_6011-1536x1152.jpg 1536w, https:\/\/kutschfahrten.kugler-staad.ch\/wp-content\/uploads\/2024\/07\/IMG_6011-2048x1536.jpg 2048w\" sizes=\"(max-width: 1024px) 100vw, 1024px\" \/><\/figure><div class=\"wp-block-media-text__content\">\n<p><strong>Salome und Tobias Kugler<br><\/strong>Auch wir lieben die Tiere, und helfen bei Bedarf. Ansonsten haben wir andere Hobbys.<\/p>\n<\/div><\/div>\n\n\n\n<p><\/p>\n","protected":false},"excerpt":{"rendered":"<p>Urs KuglerAls gelernter Schreiner habe ich mit 23 Jahren die Liebe zu den Pferden entdeckt und mir mit 25 Jahren&hellip; <\/p>\n","protected":false},"author":1,"featured_media":0,"parent":0,"menu_order":2,"comment_status":"closed","ping_status":"closed","template":"","meta":{"footnotes":""},"class_list":["post-83","page","type-page","status-publish","hentry"],"_links":{"self":[{"href":"https:\/\/kutschfahrten.kugler-staad.ch\/index.php?rest_route=\/wp\/v2\/pages\/83"}],"collection":[{"href":"https:\/\/kutschfahrten.kugler-staad.ch\/index.php?rest_route=\/wp\/v2\/pages"}],"about":[{"href":"https:\/\/kutschfahrten.kugler-staad.ch\/index.php?rest_route=\/wp\/v2\/types\/page"}],"author":[{"embeddable":true,"href":"https:\/\/kutschfahrten.kugler-staad.ch\/index.php?rest_route=\/wp\/v2\/users\/1"}],"replies":[{"embeddable":true,"href":"https:\/\/kutschfahrten.kugler-staad.ch\/index.php?rest_route=%2Fwp%2Fv2%2Fcomments&post=83"}],"version-history":[{"count":6,"href":"https:\/\/kutschfahrten.kugler-staad.ch\/index.php?rest_route=\/wp\/v2\/pages\/83\/revisions"}],"predecessor-version":[{"id":164,"href":"https:\/\/kutschfahrten.kugler-staad.ch\/index.php?rest_route=\/wp\/v2\/pages\/83\/revisions\/164"}],"wp:attachment":[{"href":"https:\/\/kutschfahrten.kugler-staad.ch\/index.php?rest_route=%2Fwp%2Fv2%2Fmedia&parent=83"}],"curies":[{"name":"wp","href":"https:\/\/api.w.org\/{rel}","templated":true}]}}