{"id":7,"date":"2024-07-22T08:42:56","date_gmt":"2024-07-22T08:42:56","guid":{"rendered":"https:\/\/kutschfahrten.kugler-staad.ch\/?page_id=7"},"modified":"2024-07-31T09:39:16","modified_gmt":"2024-07-31T09:39:16","slug":"herzlich-willkommen","status":"publish","type":"page","link":"https:\/\/kutschfahrten.kugler-staad.ch\/","title":{"rendered":"Herzlich willkommen"},"content":{"rendered":"\n<h5 class=\"wp-block-heading\">Kutschenfahrten zwischen Bodensee und Appenzeller Vorderland, am Rhein und Rebberg entlang<\/h5>\n\n\n\n<p>Herzlich willkommen bei Kutschenfahrten Kugler in Staad! Wir laden Sie ein, unvergessliche Momente einer R\u00f6sslifahrt zu erleben, sei es bei einer entspannten Feierabendrunde, einer festlichen Fahrt zum n\u00e4chsten runden Geburtstag, einer stimmungsvollen Firmenfeier oder Ihrer romantischen Hochzeit in der Kutsche.<br>Unser vielf\u00e4ltiges Angebot h\u00e4lt f\u00fcr jeden Anlass die passende Kutschenfahrt bereit. Geniessen Sie die idyllische Landschaft der Region Rorschach \/ Thal, w\u00e4hrend wir Sie stilvoll und bequem in einer unserer Kutschen chauffieren. Lassen Sie den Alltagsstress hinter sich und tauchen Sie ein in eine Welt voller Romantik und Nostalgie.<br>F\u00fcr uns steht Ihre Zufriedenheit an erster Stelle. Daher passen wir unsere Fahrten gerne individuell an Ihre W\u00fcnsche und Bed\u00fcrfnisse an. Ob es eine spezielle Route, besondere Dekorationen oder individuelle Arrangements sein sollen \u2013 wir machen es m\u00f6glich.<\/p>\n\n\n\n<p>Kontaktieren Sie uns noch heute und lassen Sie uns gemeinsam Ihre Traum-Kutschenfahrt planen. Wir freuen uns darauf, ihnen ein sch\u00f6nes Erlebnis zu bieten.<\/p>\n\n\n\n<div class=\"wp-block-buttons is-content-justification-center is-layout-flex wp-container-core-buttons-is-layout-1 wp-block-buttons-is-layout-flex\">\n<div class=\"wp-block-button\"><a class=\"wp-block-button__link wp-element-button\" href=\"https:\/\/kutschfahrten.kugler-staad.ch\/?page_id=93\">Kontakt<\/a><\/div>\n\n\n\n<div class=\"wp-block-button\"><a class=\"wp-block-button__link wp-element-button\" href=\"https:\/\/kutschfahrten.kugler-staad.ch\/?page_id=65\">Angebot<\/a><\/div>\n\n\n\n<div class=\"wp-block-button\"><a class=\"wp-block-button__link wp-element-button\" href=\"https:\/\/kutschfahrten.kugler-staad.ch\/?page_id=88\">Impressionen<\/a><\/div>\n<\/div>\n","protected":false},"excerpt":{"rendered":"<p>Kutschenfahrten zwischen Bodensee und Appenzeller Vorderland, am Rhein und Rebberg entlang Herzlich willkommen bei Kutschenfahrten Kugler in Staad! Wir laden&hellip; <\/p>\n","protected":false},"author":1,"featured_media":0,"parent":0,"menu_order":1,"comment_status":"closed","ping_status":"closed","template":"","meta":{"footnotes":""},"class_list":["post-7","page","type-page","status-publish","hentry"],"_links":{"self":[{"href":"https:\/\/kutschfahrten.kugler-staad.ch\/index.php?rest_route=\/wp\/v2\/pages\/7"}],"collection":[{"href":"https:\/\/kutschfahrten.kugler-staad.ch\/index.php?rest_route=\/wp\/v2\/pages"}],"about":[{"href":"https:\/\/kutschfahrten.kugler-staad.ch\/index.php?rest_route=\/wp\/v2\/types\/page"}],"author":[{"embeddable":true,"href":"https:\/\/kutschfahrten.kugler-staad.ch\/index.php?rest_route=\/wp\/v2\/users\/1"}],"replies":[{"embeddable":true,"href":"https:\/\/kutschfahrten.kugler-staad.ch\/index.php?rest_route=%2Fwp%2Fv2%2Fcomments&post=7"}],"version-history":[{"count":11,"href":"https:\/\/kutschfahrten.kugler-staad.ch\/index.php?rest_route=\/wp\/v2\/pages\/7\/revisions"}],"predecessor-version":[{"id":162,"href":"https:\/\/kutschfahrten.kugler-staad.ch\/index.php?rest_route=\/wp\/v2\/pages\/7\/revisions\/162"}],"wp:attachment":[{"href":"https:\/\/kutschfahrten.kugler-staad.ch\/index.php?rest_route=%2Fwp%2Fv2%2Fmedia&parent=7"}],"curies":[{"name":"wp","href":"https:\/\/api.w.org\/{rel}","templated":true}]}}