{"id":65,"date":"2024-07-22T09:26:38","date_gmt":"2024-07-22T09:26:38","guid":{"rendered":"https:\/\/kutschfahrten.kugler-staad.ch\/?page_id=65"},"modified":"2025-08-25T19:30:44","modified_gmt":"2025-08-25T19:30:44","slug":"unser-angebot","status":"publish","type":"page","link":"https:\/\/kutschfahrten.kugler-staad.ch\/?page_id=65","title":{"rendered":"Unser Angebot"},"content":{"rendered":"\n<h4 class=\"wp-block-heading\">Kutschfahrten in der Region Ostschweiz, Rorschach, Thal, Bodensee<\/h4>\n\n\n\n<div class=\"wp-block-group\"><div class=\"wp-block-group__inner-container is-layout-constrained wp-block-group-is-layout-constrained\">\n<div class=\"wp-block-columns is-layout-flex wp-container-core-columns-is-layout-1 wp-block-columns-is-layout-flex\">\n<div class=\"wp-block-column is-layout-flow wp-block-column-is-layout-flow\" style=\"flex-basis:38%\">\n<figure class=\"wp-block-image size-large is-resized\"><img loading=\"lazy\" decoding=\"async\" width=\"1024\" height=\"683\" src=\"https:\/\/kutschfahrten.kugler-staad.ch\/wp-content\/uploads\/2024\/07\/3N9A8401-1024x683.jpg\" alt=\"\" class=\"wp-image-17\" style=\"object-fit:cover;width:290px;height:auto\"\/><\/figure>\n<\/div>\n\n\n\n<div class=\"wp-block-column is-vertically-aligned-center is-layout-flow wp-block-column-is-layout-flow\" style=\"flex-basis:66.66%\">\n<p class=\"has-medium-font-size\"><strong>gem\u00fctliche<\/strong> <strong>Gesellschaftsfahrt<\/strong><\/p>\n\n\n\n<p>In unserem Gesellschaftswagen finden 8 bis 10 Personen Platz, gerne organisieren wir aber auch Kutschfahrten, f\u00fcr bis 50 G\u00e4ste.<\/p>\n<\/div>\n<\/div>\n<\/div><\/div>\n\n\n\n<div class=\"wp-block-columns is-layout-flex wp-container-core-columns-is-layout-2 wp-block-columns-is-layout-flex\">\n<div class=\"wp-block-column is-layout-flow wp-block-column-is-layout-flow\" style=\"flex-basis:38%\">\n<figure class=\"wp-block-image size-large is-resized\"><img loading=\"lazy\" decoding=\"async\" width=\"1024\" height=\"683\" src=\"https:\/\/kutschfahrten.kugler-staad.ch\/wp-content\/uploads\/2024\/07\/MG_1078.1-1024x683.jpg\" alt=\"\" class=\"wp-image-36\" style=\"width:291px;height:auto\" srcset=\"https:\/\/kutschfahrten.kugler-staad.ch\/wp-content\/uploads\/2024\/07\/MG_1078.1-1024x683.jpg 1024w, https:\/\/kutschfahrten.kugler-staad.ch\/wp-content\/uploads\/2024\/07\/MG_1078.1-300x200.jpg 300w, https:\/\/kutschfahrten.kugler-staad.ch\/wp-content\/uploads\/2024\/07\/MG_1078.1-768x512.jpg 768w, https:\/\/kutschfahrten.kugler-staad.ch\/wp-content\/uploads\/2024\/07\/MG_1078.1-1536x1024.jpg 1536w, https:\/\/kutschfahrten.kugler-staad.ch\/wp-content\/uploads\/2024\/07\/MG_1078.1-2048x1365.jpg 2048w\" sizes=\"(max-width: 1024px) 100vw, 1024px\" \/><\/figure>\n<\/div>\n\n\n\n<div class=\"wp-block-column is-vertically-aligned-center is-layout-flow wp-block-column-is-layout-flow\" style=\"flex-basis:66.66%\">\n<p class=\"has-medium-font-size\"><strong>Romantische Kutschenfahrt<\/strong><\/p>\n\n\n\n<p>Im Landauer \u2013 offen bei sch\u00f6nem Wetter oder geschlossen bei Regen \u2013 haben 4 Personen Platz.<\/p>\n<\/div>\n<\/div>\n\n\n\n<div style=\"height:25px\" aria-hidden=\"true\" class=\"wp-block-spacer\"><\/div>\n\n\n\n<p class=\"has-medium-font-size\"><strong>Wir sind der perfekte Partner f\u00fcr Ihre<\/strong><\/p>\n\n\n\n<div class=\"wp-block-columns is-layout-flex wp-container-core-columns-is-layout-3 wp-block-columns-is-layout-flex\">\n<div class=\"wp-block-column is-layout-flow wp-block-column-is-layout-flow\">\n<ul class=\"wp-block-list\">\n<li>Hochzeitsfahrt<\/li>\n\n\n\n<li>Feierabendfahrt<\/li>\n\n\n\n<li>Fr\u00fchst\u00fccksfahrt<\/li>\n\n\n\n<li>Weisswurstfahrt<\/li>\n\n\n\n<li>Sonntagsrundfahrt<\/li>\n<\/ul>\n<\/div>\n\n\n\n<div class=\"wp-block-column is-layout-flow wp-block-column-is-layout-flow\">\n<ul class=\"wp-block-list\">\n<li>Gesellschaftsfahrt<br>&#8211; Geburtstage<br>&#8211; Mutter- oder Vatertag<br>&#8211; Firmen- und Vereinsausflug<br>&#8211; Familienausflug<br>&#8211; Jubil\u00e4umsfahrt<\/li>\n<\/ul>\n<\/div>\n<\/div>\n\n\n\n<div style=\"height:25px\" aria-hidden=\"true\" class=\"wp-block-spacer\"><\/div>\n\n\n\n<p><strong>Preis<\/strong><\/p>\n\n\n\n<p>Unsere Leistungen bieten wir <strong>ab CHF 400.\u2013 pro Fahrt<\/strong> an.<br>Im Preis enthalten sind nicht nur die Fahrt selbst, sondern auch die umfassende Vor- und Nachbereitung  sowie der Anfahrtsweg.<br>Bitte beachte, dass der endg\u00fcltige Preis je nach gew\u00fcnschtem Angebot und der Distanz f\u00fcr die Anfahrt variieren kann.<\/p>\n\n\n\n<div style=\"height:25px\" aria-hidden=\"true\" class=\"wp-block-spacer\"><\/div>\n\n\n\n<div class=\"wp-block-columns is-layout-flex wp-container-core-columns-is-layout-4 wp-block-columns-is-layout-flex\">\n<div class=\"wp-block-column is-layout-flow wp-block-column-is-layout-flow\">\n<figure class=\"wp-block-gallery has-nested-images columns-2 is-cropped wp-block-gallery-1 is-layout-flex wp-block-gallery-is-layout-flex\">\n<figure class=\"wp-block-image size-full\"><img loading=\"lazy\" decoding=\"async\" width=\"2021\" height=\"2560\" src=\"https:\/\/kutschfahrten.kugler-staad.ch\/wp-content\/uploads\/2024\/07\/3N9A4423-scaled.jpg\" alt=\"\" class=\"wp-image-54\" srcset=\"https:\/\/kutschfahrten.kugler-staad.ch\/wp-content\/uploads\/2024\/07\/3N9A4423-scaled.jpg 2021w, https:\/\/kutschfahrten.kugler-staad.ch\/wp-content\/uploads\/2024\/07\/3N9A4423-237x300.jpg 237w, https:\/\/kutschfahrten.kugler-staad.ch\/wp-content\/uploads\/2024\/07\/3N9A4423-809x1024.jpg 809w, https:\/\/kutschfahrten.kugler-staad.ch\/wp-content\/uploads\/2024\/07\/3N9A4423-768x973.jpg 768w, https:\/\/kutschfahrten.kugler-staad.ch\/wp-content\/uploads\/2024\/07\/3N9A4423-1213x1536.jpg 1213w, https:\/\/kutschfahrten.kugler-staad.ch\/wp-content\/uploads\/2024\/07\/3N9A4423-1617x2048.jpg 1617w\" sizes=\"(max-width: 2021px) 100vw, 2021px\" \/><figcaption class=\"wp-element-caption\">Nostalgische Kutschenfahrt im Landauer<\/figcaption><\/figure>\n\n\n\n<figure class=\"wp-block-image size-full\"><img loading=\"lazy\" decoding=\"async\" width=\"2560\" height=\"1707\" src=\"https:\/\/kutschfahrten.kugler-staad.ch\/wp-content\/uploads\/2024\/07\/3N9A4451-scaled.jpg\" alt=\"\" class=\"wp-image-55\" srcset=\"https:\/\/kutschfahrten.kugler-staad.ch\/wp-content\/uploads\/2024\/07\/3N9A4451-scaled.jpg 2560w, https:\/\/kutschfahrten.kugler-staad.ch\/wp-content\/uploads\/2024\/07\/3N9A4451-300x200.jpg 300w, https:\/\/kutschfahrten.kugler-staad.ch\/wp-content\/uploads\/2024\/07\/3N9A4451-1024x683.jpg 1024w, https:\/\/kutschfahrten.kugler-staad.ch\/wp-content\/uploads\/2024\/07\/3N9A4451-768x512.jpg 768w, https:\/\/kutschfahrten.kugler-staad.ch\/wp-content\/uploads\/2024\/07\/3N9A4451-1536x1024.jpg 1536w, https:\/\/kutschfahrten.kugler-staad.ch\/wp-content\/uploads\/2024\/07\/3N9A4451-2048x1365.jpg 2048w\" sizes=\"(max-width: 2560px) 100vw, 2560px\" \/><figcaption class=\"wp-element-caption\">Romantische Hochzeit in der Kutsche<\/figcaption><\/figure>\n\n\n\n<figure class=\"wp-block-image size-full\"><img loading=\"lazy\" decoding=\"async\" width=\"800\" height=\"1200\" src=\"https:\/\/kutschfahrten.kugler-staad.ch\/wp-content\/uploads\/2024\/07\/3N9A8387.jpg\" alt=\"\" class=\"wp-image-16\" srcset=\"https:\/\/kutschfahrten.kugler-staad.ch\/wp-content\/uploads\/2024\/07\/3N9A8387.jpg 800w, https:\/\/kutschfahrten.kugler-staad.ch\/wp-content\/uploads\/2024\/07\/3N9A8387-200x300.jpg 200w, https:\/\/kutschfahrten.kugler-staad.ch\/wp-content\/uploads\/2024\/07\/3N9A8387-683x1024.jpg 683w, https:\/\/kutschfahrten.kugler-staad.ch\/wp-content\/uploads\/2024\/07\/3N9A8387-768x1152.jpg 768w\" sizes=\"(max-width: 800px) 100vw, 800px\" \/><figcaption class=\"wp-element-caption\">M\u00e4nnerrunde mit Bier und Weisswurst<\/figcaption><\/figure>\n\n\n\n<figure class=\"wp-block-image size-full is-style-default\"><img loading=\"lazy\" decoding=\"async\" width=\"558\" height=\"799\" src=\"https:\/\/kutschfahrten.kugler-staad.ch\/wp-content\/uploads\/2024\/07\/3N9A8401-e1721641296504.jpg\" alt=\"\" class=\"wp-image-17\" srcset=\"https:\/\/kutschfahrten.kugler-staad.ch\/wp-content\/uploads\/2024\/07\/3N9A8401-e1721641296504.jpg 558w, https:\/\/kutschfahrten.kugler-staad.ch\/wp-content\/uploads\/2024\/07\/3N9A8401-e1721641296504-210x300.jpg 210w\" sizes=\"(max-width: 558px) 100vw, 558px\" \/><figcaption class=\"wp-element-caption\">Seele baumeln lassen<\/figcaption><\/figure>\n<\/figure>\n<\/div>\n<\/div>\n\n\n\n<div style=\"height:25px\" aria-hidden=\"true\" class=\"wp-block-spacer\"><\/div>\n\n\n\n<p>Gerne k\u00f6nnen Sie Ihre W\u00fcnsche mit uns besprechen und wir passen unsere Fahrt individuell auf Sie an.<br>Damit unser Landauer f\u00fcr Ihre Ausfahrt passend geschm\u00fcckt ist, d\u00fcrfen Sie sich gerne melden und wir Stellen Ihnen ein Bouquet zur Verf\u00fcgung oder organisieren es mit Ihnen.<\/p>\n\n\n\n<div class=\"wp-block-group\"><div class=\"wp-block-group__inner-container is-layout-constrained wp-block-group-is-layout-constrained\">\n<div class=\"wp-block-columns is-layout-flex wp-container-core-columns-is-layout-5 wp-block-columns-is-layout-flex\">\n<div class=\"wp-block-column is-layout-flow wp-block-column-is-layout-flow\">\n<figure class=\"wp-block-gallery has-nested-images columns-default is-cropped wp-block-gallery-2 is-layout-flex wp-block-gallery-is-layout-flex\">\n<figure class=\"wp-block-image size-large\"><img loading=\"lazy\" decoding=\"async\" width=\"1024\" height=\"683\" src=\"https:\/\/kutschfahrten.kugler-staad.ch\/wp-content\/uploads\/2024\/07\/3N9A1423-1024x683.jpg\" alt=\"\" class=\"wp-image-41\" srcset=\"https:\/\/kutschfahrten.kugler-staad.ch\/wp-content\/uploads\/2024\/07\/3N9A1423-1024x683.jpg 1024w, https:\/\/kutschfahrten.kugler-staad.ch\/wp-content\/uploads\/2024\/07\/3N9A1423-300x200.jpg 300w, https:\/\/kutschfahrten.kugler-staad.ch\/wp-content\/uploads\/2024\/07\/3N9A1423-768x512.jpg 768w, https:\/\/kutschfahrten.kugler-staad.ch\/wp-content\/uploads\/2024\/07\/3N9A1423-1536x1024.jpg 1536w, https:\/\/kutschfahrten.kugler-staad.ch\/wp-content\/uploads\/2024\/07\/3N9A1423-2048x1366.jpg 2048w\" sizes=\"(max-width: 1024px) 100vw, 1024px\" \/><figcaption class=\"wp-element-caption\">K\u00fcnstlicher Blumenschmuck<\/figcaption><\/figure>\n\n\n\n<figure class=\"wp-block-image size-large\"><img loading=\"lazy\" decoding=\"async\" width=\"1024\" height=\"768\" src=\"https:\/\/kutschfahrten.kugler-staad.ch\/wp-content\/uploads\/2024\/07\/IMG_6010-1024x768.jpg\" alt=\"\" class=\"wp-image-26\" srcset=\"https:\/\/kutschfahrten.kugler-staad.ch\/wp-content\/uploads\/2024\/07\/IMG_6010-1024x768.jpg 1024w, https:\/\/kutschfahrten.kugler-staad.ch\/wp-content\/uploads\/2024\/07\/IMG_6010-300x225.jpg 300w, https:\/\/kutschfahrten.kugler-staad.ch\/wp-content\/uploads\/2024\/07\/IMG_6010-768x576.jpg 768w, https:\/\/kutschfahrten.kugler-staad.ch\/wp-content\/uploads\/2024\/07\/IMG_6010-1536x1152.jpg 1536w, https:\/\/kutschfahrten.kugler-staad.ch\/wp-content\/uploads\/2024\/07\/IMG_6010-2048x1536.jpg 2048w\" sizes=\"(max-width: 1024px) 100vw, 1024px\" \/><figcaption class=\"wp-element-caption\">Blumenschmuck <\/figcaption><\/figure>\n<\/figure>\n<\/div>\n<\/div>\n<\/div><\/div>\n","protected":false},"excerpt":{"rendered":"<p>Kutschfahrten in der Region Ostschweiz, Rorschach, Thal, Bodensee gem\u00fctliche Gesellschaftsfahrt In unserem Gesellschaftswagen finden 8 bis 10 Personen Platz, gerne&hellip; <\/p>\n","protected":false},"author":1,"featured_media":0,"parent":0,"menu_order":4,"comment_status":"closed","ping_status":"closed","template":"","meta":{"footnotes":""},"class_list":["post-65","page","type-page","status-publish","hentry"],"_links":{"self":[{"href":"https:\/\/kutschfahrten.kugler-staad.ch\/index.php?rest_route=\/wp\/v2\/pages\/65"}],"collection":[{"href":"https:\/\/kutschfahrten.kugler-staad.ch\/index.php?rest_route=\/wp\/v2\/pages"}],"about":[{"href":"https:\/\/kutschfahrten.kugler-staad.ch\/index.php?rest_route=\/wp\/v2\/types\/page"}],"author":[{"embeddable":true,"href":"https:\/\/kutschfahrten.kugler-staad.ch\/index.php?rest_route=\/wp\/v2\/users\/1"}],"replies":[{"embeddable":true,"href":"https:\/\/kutschfahrten.kugler-staad.ch\/index.php?rest_route=%2Fwp%2Fv2%2Fcomments&post=65"}],"version-history":[{"count":20,"href":"https:\/\/kutschfahrten.kugler-staad.ch\/index.php?rest_route=\/wp\/v2\/pages\/65\/revisions"}],"predecessor-version":[{"id":172,"href":"https:\/\/kutschfahrten.kugler-staad.ch\/index.php?rest_route=\/wp\/v2\/pages\/65\/revisions\/172"}],"wp:attachment":[{"href":"https:\/\/kutschfahrten.kugler-staad.ch\/index.php?rest_route=%2Fwp%2Fv2%2Fmedia&parent=65"}],"curies":[{"name":"wp","href":"https:\/\/api.w.org\/{rel}","templated":true}]}}